{"id":3032,"date":"2016-06-07T13:00:55","date_gmt":"2016-06-07T12:00:55","guid":{"rendered":"http:\/\/ebir.com\/de\/?page_id=3032"},"modified":"2019-07-24T20:00:54","modified_gmt":"2019-07-24T19:00:54","slug":"cookie-richtlinien","status":"publish","type":"page","link":"https:\/\/ebir.com\/de\/cookie-richtlinien\/","title":{"rendered":"Cookie richtlinien"},"content":{"rendered":"<h1><strong>COOKIES RICHTLINIE BEI http:\/\/ebir.com<\/strong><\/h1>\n<p>Letzte Aktualisierung: 15\/05\/2018<\/p>\n<p><strong>WAS SIND COOKIES?<\/strong><\/p>\n<p>Cookies sind kleine Dateien, die auf der Festplatte oder im Browser des Rechners, Tabletts, Smartphones oder eines gleichwertigen Ger\u00e4ts mit Internet-Browsing-Funktionen installiert werden und unter anderem dazu dienen: die Dienste des Eigent\u00fcmers der Website anzupassen, die Navigation und Benutzerfreundlichkeit durch sie zu erleichtern, aggregierte Informationen von Besuchern der Website zu erhalten, die Reproduktion und Anzeige von Multimedia-Inhalten auf der Website selbst zu erm\u00f6glichen, Elemente der Interaktion zwischen dem Benutzer und der Website selbst zu erm\u00f6glichen, Sicherheitstools zu aktivieren und so weiter.<\/p>\n<p><strong>DEFINITIONEN, DIE IN DIESER COOKIE-RICHTLINIE VERWENDET WERDEN<\/strong><\/p>\n<ul>\n<li>Web Usability: kann definiert werden als die Erfahrung, die ein Benutzer beim Surfen, Verwenden und Interagieren mit einer Webseite macht.<\/li>\n<li>Aggregierte Informationen: nicht-nominell, typischerweise numerisch und zum Zwecke der Bereitstellung statistischer Informationen.<\/li>\n<li>Endger\u00e4te: Ger\u00e4te (Computer, Smartphone, Tablett usw.) des Benutzers, der im Internet surft.<\/li>\n<li>Publisher: Verantwortlicher oder Eigent\u00fcmer der Website<\/li>\n<li>Drittanbieter: externe Stelle, Mitarbeiter, Dienstleister oder im Zusammenhang mit dem Publisher, die an der Verwaltung einiger Cookies beteiligt ist.<\/li>\n<li>Verantwortlich f\u00fcr das Cookie: der Publisher, Verantwortliche, Eigent\u00fcmer der Website oder in einigen F\u00e4llen sogar der Drittanbieter.<\/li>\n<li>Navigationsgewohnheiten: Trends, die der Benutzer beim Navigieren durch eine Webseite anzeigt, wie z.B. Zeitaufwand f\u00fcr den Besuch der Seite, besuchte Bereiche, h\u00e4ufigste Abschnitte, Ursprung des Besuchs, Ziel des Besuchs, unter anderem.<\/li>\n<\/ul>\n<p><strong>WELCHE ART VON COOKIES GIBT ES?<\/strong><\/p>\n<p>Je nach dem Unternehmen, das sie verwaltet:<\/p>\n<p><u>Eigene Cookies<\/u>: sind solche, die von einem vom Publisher verwalteten Computer oder einer von ihm verwalteten Dom\u00e4ne an das Endger\u00e4t des Benutzers gesendet werden und von denen aus der vom Benutzer angeforderte Dienst bereitgestellt wird.<\/p>\n<p><u>Cookies von Drittanbietern<\/u>: sind solche, die von einem Computer oder einer Dom\u00e4ne, die nicht vom Publisher verwaltet wird, sondern von einer anderen Stelle, die die durch Cookies erhaltenen Daten verarbeitet, an die Endger\u00e4te des Benutzers gesendet werden.<\/p>\n<p>Je nach Dauer bleiben sie auf dem Endger\u00e4t aktiv:<\/p>\n<p><u>Session-Cookies<\/u>: sind eine Art von Cookies, die dazu dienen, Daten zu sammeln und zu speichern, w\u00e4hrend der Benutzer auf eine Website zugreift.<\/p>\n<p><u>Dauerhafte Cookies<\/u>: sind eine Art von Cookie, in dem Daten im Terminal gespeichert bleiben und f\u00fcr einen vom Cookie-Inhaber definierten Zeitraum, der von einigen Minuten bis zu mehreren Jahren reichen kann, abgerufen und verarbeitet werden k\u00f6nnen.<\/p>\n<p>Je nach Zweck, f\u00fcr den die durch Cookies gewonnenen Daten verarbeitet werden:<\/p>\n<p><u>Technische Cookies<\/u>: sind solche, die es dem Benutzer erm\u00f6glichen, durch eine Webseite, Plattform oder Anwendung und die Nutzung der verschiedenen darin vorhandenen Optionen oder Dienste zu navigieren, wie z.B. die Steuerung der Verkehrs- und Datenkommunikation, die Identifizierung der Sitzung, den Zugriff auf Teile des eingeschr\u00e4nkten Zugangs, die Erinnerung an die Elemente, aus denen sich eine Bestellung zusammensetzt, den Kaufvorgang einer Bestellung, die Beantragung der Registrierung oder Teilnahme an einer Veranstaltung, die Verwendung von Sicherheitselementen w\u00e4hrend der Navigation, die Speicherung von Inhalten f\u00fcr die Verbreitung von Videos oder Ton oder die gemeinsame Nutzung von Inhalten \u00fcber soziale Netzwerke.<\/p>\n<p><u>Personalisierungs-Cookies<\/u>: sind solche, die es dem Benutzer erm\u00f6glichen, auf den Dienst mit einigen allgemeinen Merkmalen zuzugreifen, die nach einer Reihe von Kriterien im Terminal des Benutzers vordefiniert sind, wie z.B. die Sprache, der Browsertyp, \u00fcber den auf den Dienst zugegriffen wird, die regionale Konfiguration, \u00fcber die auf den Dienst zugegriffen wird, usw.<\/p>\n<p><u>Analyse-Cookies<\/u>: sind solche, die es dem Verantwortlichen erm\u00f6glichen, das Verhalten der Nutzer der Websites, mit denen er verlinkt ist, zu verfolgen und zu analysieren. Die durch diese Art von Cookie gesammelten Informationen werden verwendet, um die Aktivit\u00e4t von Websites, Anwendungen oder Plattformen zu messen und um Navigationsprofile der Nutzer dieser Websites, Anwendungen und Plattformen zu erstellen, um Verbesserungen auf der Grundlage der Analyse der Datennutzung durch die Nutzer des Dienstes vorzunehmen.<\/p>\n<p><u>Werbe-Cookies<\/u>: sind solche, die es erm\u00f6glichen, die Werbefl\u00e4chen, die der Publisher gegebenenfalls in eine Website, Anwendung oder Plattform aufgenommen hat, von der aus er den gew\u00fcnschten Dienst erbringt, so effizient wie m\u00f6glich zu verwalten, und zwar nach Kriterien wie dem bearbeiteten Inhalt oder der H\u00e4ufigkeit, in der die Anzeigen geschaltet werden.<\/p>\n<p><u>Verhaltensbezogene Werbe-Cookies<\/u>: sind solche, die es erm\u00f6glichen, die Werbefl\u00e4chen, die der Publisher gegebenenfalls in eine Website, Anwendung oder Plattform aufgenommen hat, von der aus er die gew\u00fcnschte Dienstleistung erbringt, so effizient wie m\u00f6glich zu verwalten. Diese Cookies speichern Informationen \u00fcber das Nutzerverhalten, die durch die kontinuierliche Beobachtung ihrer Surfgewohnheiten gewonnen werden, so dass ein spezifisches Profil entwickelt werden kann, um darauf aufbauend Werbung anzuzeigen.<\/p>\n<p><strong>\u00a0<\/strong><\/p>\n<p><strong>WELCHE COOKIES VERWENDEN WIR SPEZIELL?<\/strong><\/p>\n<table class=\"cookies\">\n<tbody>\n<tr>\n<td width=\"91\">\n<p><strong>Name des Cookies<\/strong><\/p>\n<\/td>\n<td width=\"168\">\n<p><strong>Server\/Dom\u00e4ne, von der es gesendet wird<\/strong><\/p>\n<\/td>\n<td width=\"210\">\n<p><strong>Zweck<\/strong><\/p>\n<\/td>\n<td width=\"97\">\n<p><strong>Dauerhaftigkeit<\/strong><\/p>\n<\/td>\n<\/tr>\n<tr>\n<td width=\"91\">\n<p>_atuvc<\/p>\n<\/td>\n<td width=\"168\">Drittanbietern (<a href=\"http:\/\/www.addthis.com\/privacy\/opt-out\">addtoany.com<\/a>)<\/td>\n<td width=\"210\">Bietet Schaltfl\u00e4chen zum Teilen von Informationen oder Artikeln in sozialen Netzwerken wie Twitter, Facebook, Blogger, Tuenti, Google und anderen.<\/td>\n<td width=\"97\">Es ist ein Cookie mit einer Dauer von 1 Tag<\/td>\n<\/tr>\n<tr>\n<td>__atuvs<\/td>\n<td>Drittanbietern Clouflare<\/td>\n<td>Das Cookie &#8220;__cfduid&#8221; wird vom CloudFlare-Dienst festgelegt, um vertrauensw\u00fcrdigen Webdatenverkehr zu identifizieren. Es entspricht keiner Benutzer-ID in der Webanwendung und speichert keine pers\u00f6nlich identifizierbaren Informationen.<br \/>https:\/\/support.cloudflare.com\/hc\/en-us\/articles\/200170156-Was-tut-das-CloudFlare-cfduid-cookie-do-<\/td>\n<td>Es ist ein Cookie mit einer Dauer von 10 Minuten<\/td>\n<\/tr>\n<tr>\n<td>_ga<\/td>\n<td>Drittanbietern (<a href=\"http:\/\/www.addthis.com\/privacy\/opt-out\">addThis.com<\/a>)<\/td>\n<td>Von analytics.js gesetztes Cookie; JavaScript-Bibliothek von Google. Die Bibliothek analytics.js ist Teil von Google Universal Analytics und verwendet dieses Quellcookie, das eine anonyme ID enth\u00e4lt, mit der Benutzer unterschieden werden.<\/td>\n<td>2 Jahre oder Update<\/td>\n<\/tr>\n<tr>\n<td>_gid<\/td>\n<td>Drittanbietern (<a href=\"http:\/\/google.com\" target=\"_blank\" rel=\"noopener noreferrer\">google.com<\/a>)<\/td>\n<td>Es wird zur Unterscheidung von Benutzern verwendet.<\/td>\n<td>24 Stunden<\/td>\n<\/tr>\n<tr>\n<td>_gat<\/td>\n<td>Drittanbietern (<a href=\"http:\/\/google.com\" target=\"_blank\" rel=\"noopener noreferrer\">google.com<\/a>)<\/td>\n<td>Es wird verwendet, um den Prozentsatz der Anforderungen zu begrenzen. Wenn Sie Google Analytics mit Google Tag Manager implementiert haben, wird dieses Cookie als _dc_gtm_ &lt;Eigenschafts-ID&gt; bezeichnet.<\/td>\n<td>1 Minute<\/td>\n<\/tr>\n<tr>\n<td>cookie_notice_accepted<\/td>\n<td>Eigene<\/td>\n<td>Gibt an, ob der Benutzer Cookies akzeptiert hat.<\/td>\n<td>Es ist ein Cookie mit einer Haltbarkeit von 6 Monaten<\/td>\n<\/tr>\n<\/tbody>\n<\/table>\n<p>&nbsp;<\/p>\n<p><strong>WIE KANN ICH COOKIES DEAKTIVIEREN?<\/strong><\/p>\n<p>Das Blockieren oder Deaktivieren aller Cookies dient dem Schutz Ihrer Privatsph\u00e4re, kann aber auch Ihre Erfahrungen auf einigen Websites einschr\u00e4nken, die Funktionalit\u00e4t einschr\u00e4nken oder Sie sogar daran hindern, ordnungsgem\u00e4\u00df zu surfen oder einige ihrer Dienste zu nutzen. Wenn Sie wissen m\u00f6chten, wie Sie Cookies in g\u00e4ngigen Webbrowsern deaktivieren k\u00f6nnen, besuchen Sie die folgenden Tutorials:<\/p>\n<ul>\n<li><a href=\"http:\/\/support.google.com\/chrome\/answer\/95647?hl=es\">Google Chrome<\/a><\/li>\n<li><a href=\"http:\/\/support.mozilla.org\/es\/kb\/habilitar-y-deshabilitar-cookies-que-los-sitios-we\">Mozilla Firefox<\/a><\/li>\n<li><a href=\"http:\/\/windows.microsoft.com\/es-es\/windows-vista\/block-or-allow-cookies\">Internet Explorer<\/a><\/li>\n<li><a href=\"http:\/\/support.apple.com\/es-es\/HT1677\">Safari<\/a><\/li>\n<li><a href=\"http:\/\/support.google.com\/chrome\/answer\/2392971?hl=es\">Chrome para Android<\/a><\/li>\n<\/ul>\n<p>Wenn Sie Fragen oder Bedenken zu dieser Cookie-Richtlinie haben, k\u00f6nnen Sie uns unter rgpd@ebir.com kontaktieren..<\/p>\n<p>&nbsp;<\/p>\n","protected":false},"excerpt":{"rendered":"<p>COOKIES RICHTLINIE BEI http:\/\/ebir.com Letzte Aktualisierung: 15\/05\/2018 WAS SIND COOKIES? Cookies sind kleine Dateien, die auf der Festplatte oder imRead story<\/p>\n","protected":false},"author":1,"featured_media":2241,"parent":0,"menu_order":0,"comment_status":"closed","ping_status":"closed","template":"page-generica.php","meta":{"_acf_changed":false,"_coblocks_attr":"","_coblocks_dimensions":"","_coblocks_responsive_height":"","_coblocks_accordion_ie_support":"","footnotes":"","_links_to":"","_links_to_target":""},"class_list":["post-3032","page","type-page","status-publish","has-post-thumbnail","hentry"],"acf":[],"yoast_head":"<!-- This site is optimized with the Yoast SEO plugin v27.1.1 - https:\/\/yoast.com\/product\/yoast-seo-wordpress\/ -->\n<title>Cookie richtlinien - Ebir<\/title>\n<meta name=\"robots\" content=\"index, follow, max-snippet:-1, max-image-preview:large, max-video-preview:-1\" \/>\n<link rel=\"canonical\" href=\"https:\/\/ebir.com\/de\/cookie-richtlinien\/\" \/>\n<meta property=\"og:locale\" content=\"de_DE\" \/>\n<meta property=\"og:type\" content=\"article\" \/>\n<meta property=\"og:title\" content=\"Cookie richtlinien - Ebir\" \/>\n<meta property=\"og:description\" content=\"COOKIES RICHTLINIE BEI http:\/\/ebir.com Letzte Aktualisierung: 15\/05\/2018 WAS SIND COOKIES? Cookies sind kleine Dateien, die auf der Festplatte oder imRead story\" \/>\n<meta property=\"og:url\" content=\"https:\/\/ebir.com\/de\/cookie-richtlinien\/\" \/>\n<meta property=\"og:site_name\" content=\"Ebir\" \/>\n<meta property=\"article:modified_time\" content=\"2019-07-24T19:00:54+00:00\" \/>\n<meta property=\"og:image\" content=\"https:\/\/ebir.com\/wp-content\/uploads\/2015\/06\/img_avisolegal.jpg\" \/>\n\t<meta property=\"og:image:width\" content=\"1920\" \/>\n\t<meta property=\"og:image:height\" content=\"200\" \/>\n\t<meta property=\"og:image:type\" content=\"image\/jpeg\" \/>\n<meta name=\"twitter:label1\" content=\"Est. reading time\" \/>\n\t<meta name=\"twitter:data1\" content=\"5 minutes\" \/>\n<script type=\"application\/ld+json\" class=\"yoast-schema-graph\">{\"@context\":\"https:\/\/schema.org\",\"@graph\":[{\"@type\":\"WebPage\",\"@id\":\"https:\/\/ebir.com\/de\/cookie-richtlinien\/\",\"url\":\"https:\/\/ebir.com\/de\/cookie-richtlinien\/\",\"name\":\"Cookie richtlinien - Ebir\",\"isPartOf\":{\"@id\":\"https:\/\/ebir.com\/en\/#website\"},\"primaryImageOfPage\":{\"@id\":\"https:\/\/ebir.com\/de\/cookie-richtlinien\/#primaryimage\"},\"image\":{\"@id\":\"https:\/\/ebir.com\/de\/cookie-richtlinien\/#primaryimage\"},\"thumbnailUrl\":\"https:\/\/ebir.com\/wp-content\/uploads\/2015\/06\/img_avisolegal.jpg\",\"datePublished\":\"2016-06-07T12:00:55+00:00\",\"dateModified\":\"2019-07-24T19:00:54+00:00\",\"breadcrumb\":{\"@id\":\"https:\/\/ebir.com\/de\/cookie-richtlinien\/#breadcrumb\"},\"inLanguage\":\"de-DE\",\"potentialAction\":[{\"@type\":\"ReadAction\",\"target\":[\"https:\/\/ebir.com\/de\/cookie-richtlinien\/\"]}]},{\"@type\":\"ImageObject\",\"inLanguage\":\"de-DE\",\"@id\":\"https:\/\/ebir.com\/de\/cookie-richtlinien\/#primaryimage\",\"url\":\"https:\/\/ebir.com\/wp-content\/uploads\/2015\/06\/img_avisolegal.jpg\",\"contentUrl\":\"https:\/\/ebir.com\/wp-content\/uploads\/2015\/06\/img_avisolegal.jpg\",\"width\":1920,\"height\":200},{\"@type\":\"BreadcrumbList\",\"@id\":\"https:\/\/ebir.com\/de\/cookie-richtlinien\/#breadcrumb\",\"itemListElement\":[{\"@type\":\"ListItem\",\"position\":1,\"name\":\"Portada\",\"item\":\"https:\/\/ebir.com\/de\/\"},{\"@type\":\"ListItem\",\"position\":2,\"name\":\"Cookie richtlinien\"}]},{\"@type\":\"WebSite\",\"@id\":\"https:\/\/ebir.com\/en\/#website\",\"url\":\"https:\/\/ebir.com\/en\/\",\"name\":\"Ebir\",\"description\":\"Otro sitio m\u00e1s de Xtfiles Sites\",\"potentialAction\":[{\"@type\":\"SearchAction\",\"target\":{\"@type\":\"EntryPoint\",\"urlTemplate\":\"https:\/\/ebir.com\/en\/?s={search_term_string}\"},\"query-input\":{\"@type\":\"PropertyValueSpecification\",\"valueRequired\":true,\"valueName\":\"search_term_string\"}}],\"inLanguage\":\"de-DE\"}]}<\/script>\n<!-- \/ Yoast SEO plugin. -->","yoast_head_json":{"title":"Cookie richtlinien - Ebir","robots":{"index":"index","follow":"follow","max-snippet":"max-snippet:-1","max-image-preview":"max-image-preview:large","max-video-preview":"max-video-preview:-1"},"canonical":"https:\/\/ebir.com\/de\/cookie-richtlinien\/","og_locale":"de_DE","og_type":"article","og_title":"Cookie richtlinien - Ebir","og_description":"COOKIES RICHTLINIE BEI http:\/\/ebir.com Letzte Aktualisierung: 15\/05\/2018 WAS SIND COOKIES? Cookies sind kleine Dateien, die auf der Festplatte oder imRead story","og_url":"https:\/\/ebir.com\/de\/cookie-richtlinien\/","og_site_name":"Ebir","article_modified_time":"2019-07-24T19:00:54+00:00","og_image":[{"width":1920,"height":200,"url":"https:\/\/ebir.com\/wp-content\/uploads\/2015\/06\/img_avisolegal.jpg","type":"image\/jpeg"}],"twitter_misc":{"Est. reading time":"5 minutes"},"schema":{"@context":"https:\/\/schema.org","@graph":[{"@type":"WebPage","@id":"https:\/\/ebir.com\/de\/cookie-richtlinien\/","url":"https:\/\/ebir.com\/de\/cookie-richtlinien\/","name":"Cookie richtlinien - Ebir","isPartOf":{"@id":"https:\/\/ebir.com\/en\/#website"},"primaryImageOfPage":{"@id":"https:\/\/ebir.com\/de\/cookie-richtlinien\/#primaryimage"},"image":{"@id":"https:\/\/ebir.com\/de\/cookie-richtlinien\/#primaryimage"},"thumbnailUrl":"https:\/\/ebir.com\/wp-content\/uploads\/2015\/06\/img_avisolegal.jpg","datePublished":"2016-06-07T12:00:55+00:00","dateModified":"2019-07-24T19:00:54+00:00","breadcrumb":{"@id":"https:\/\/ebir.com\/de\/cookie-richtlinien\/#breadcrumb"},"inLanguage":"de-DE","potentialAction":[{"@type":"ReadAction","target":["https:\/\/ebir.com\/de\/cookie-richtlinien\/"]}]},{"@type":"ImageObject","inLanguage":"de-DE","@id":"https:\/\/ebir.com\/de\/cookie-richtlinien\/#primaryimage","url":"https:\/\/ebir.com\/wp-content\/uploads\/2015\/06\/img_avisolegal.jpg","contentUrl":"https:\/\/ebir.com\/wp-content\/uploads\/2015\/06\/img_avisolegal.jpg","width":1920,"height":200},{"@type":"BreadcrumbList","@id":"https:\/\/ebir.com\/de\/cookie-richtlinien\/#breadcrumb","itemListElement":[{"@type":"ListItem","position":1,"name":"Portada","item":"https:\/\/ebir.com\/de\/"},{"@type":"ListItem","position":2,"name":"Cookie richtlinien"}]},{"@type":"WebSite","@id":"https:\/\/ebir.com\/en\/#website","url":"https:\/\/ebir.com\/en\/","name":"Ebir","description":"Otro sitio m\u00e1s de Xtfiles Sites","potentialAction":[{"@type":"SearchAction","target":{"@type":"EntryPoint","urlTemplate":"https:\/\/ebir.com\/en\/?s={search_term_string}"},"query-input":{"@type":"PropertyValueSpecification","valueRequired":true,"valueName":"search_term_string"}}],"inLanguage":"de-DE"}]}},"_links":{"self":[{"href":"https:\/\/ebir.com\/de\/wp-json\/wp\/v2\/pages\/3032","targetHints":{"allow":["GET"]}}],"collection":[{"href":"https:\/\/ebir.com\/de\/wp-json\/wp\/v2\/pages"}],"about":[{"href":"https:\/\/ebir.com\/de\/wp-json\/wp\/v2\/types\/page"}],"author":[{"embeddable":true,"href":"https:\/\/ebir.com\/de\/wp-json\/wp\/v2\/users\/1"}],"replies":[{"embeddable":true,"href":"https:\/\/ebir.com\/de\/wp-json\/wp\/v2\/comments?post=3032"}],"version-history":[{"count":4,"href":"https:\/\/ebir.com\/de\/wp-json\/wp\/v2\/pages\/3032\/revisions"}],"predecessor-version":[{"id":4636,"href":"https:\/\/ebir.com\/de\/wp-json\/wp\/v2\/pages\/3032\/revisions\/4636"}],"wp:featuredmedia":[{"embeddable":true,"href":"https:\/\/ebir.com\/de\/wp-json\/wp\/v2\/media\/2241"}],"wp:attachment":[{"href":"https:\/\/ebir.com\/de\/wp-json\/wp\/v2\/media?parent=3032"}],"curies":[{"name":"wp","href":"https:\/\/api.w.org\/{rel}","templated":true}]}}